{"id":410,"date":"2025-06-10T03:02:18","date_gmt":"2025-06-10T03:02:18","guid":{"rendered":"https:\/\/waikatobattery.co.nz\/?page_id=410"},"modified":"2026-03-30T21:14:57","modified_gmt":"2026-03-30T21:14:57","slug":"about-us","status":"publish","type":"page","link":"https:\/\/waikatobattery.co.nz\/index.php\/about-us\/","title":{"rendered":"About Us"},"content":{"rendered":"\n<figure class=\"wp-block-image alignfull size-large\"><img loading=\"lazy\" decoding=\"async\" width=\"1024\" height=\"462\" src=\"https:\/\/waikatobattery.co.nz\/wp-content\/uploads\/2025\/05\/WEB_earlyTeam-1024x462.png\" alt=\"\" class=\"wp-image-465\" srcset=\"https:\/\/waikatobattery.co.nz\/wp-content\/uploads\/2025\/05\/WEB_earlyTeam-1024x462.png 1024w, https:\/\/waikatobattery.co.nz\/wp-content\/uploads\/2025\/05\/WEB_earlyTeam-300x135.png 300w, https:\/\/waikatobattery.co.nz\/wp-content\/uploads\/2025\/05\/WEB_earlyTeam-768x346.png 768w, https:\/\/waikatobattery.co.nz\/wp-content\/uploads\/2025\/05\/WEB_earlyTeam-1536x693.png 1536w, https:\/\/waikatobattery.co.nz\/wp-content\/uploads\/2025\/05\/WEB_earlyTeam.png 1920w\" sizes=\"auto, (max-width: 1024px) 100vw, 1024px\" \/><\/figure>\n\n\n\n<p class=\"has-background\" style=\"background:linear-gradient(135deg,rgb(0,162,255) 0%,rgb(255,255,255) 36%)\">Go to topics on this page &gt; <a href=\"#decade\" data-type=\"internal\" data-id=\"#decade\">A Decade of Innovation<\/a> &gt; <a href=\"#team\" data-type=\"internal\" data-id=\"#team\">Meet the team<\/a><\/p>\n\n\n\n<h1 class=\"wp-block-heading\">About Us<\/h1>\n\n\n\n<div class=\"wp-block-columns is-layout-flex wp-container-core-columns-is-layout-28f84493 wp-block-columns-is-layout-flex\">\n<div class=\"wp-block-column is-layout-flow wp-block-column-is-layout-flow\">\n<p>Based on 11 years of research, the University of Waikato Battery Team has discovered that the failure of current rechargeable battery management systems (BMS) to reliably predict state-of health (SoH) and state of charge (SoC) can be addressed with innovative, accurate battery measurement technology. The industry acknowledges the problem: current inaccurate battery measurement systems result in pre-emptive replacement of batteries, thus reducing financial revenues, increasing waste and pollution, and causing environmental damage. We now need to complete our research, test it, and move from laboratory-based findings into real-world situations.<\/p>\n<\/div>\n\n\n\n<div class=\"wp-block-column is-layout-flow wp-block-column-is-layout-flow\">\n<p>N\u014d ng\u0101 rangahau i \u0113nei tau tekau m\u0101 tahi kua hipa, kua t\u016bhuraina e Te K\u0101hui P\u016bhiko o Waikato, ka taea te aro ki te ngoikoretanga o ng\u0101 p\u016bnaha whakahaere p\u016bhiko ki te matapae tika i te oranga me te hihiko, m\u0101 ng\u0101 hangarau ine p\u016bhiko auaha, tika an\u014d hoki. Kei te m\u0101rama te ahumahi ki te raru: ka hua ake i ng\u0101 p\u016bnaha ine p\u016bhiko h\u0113 o te w\u0101, ko te whakakapitanga t\u014dmua o ng\u0101 p\u016bhiko, me te aha, ka heke ko ng\u0101 moniwhiwhi ahumoni, ka piki ko ng\u0101 para me ng\u0101 parahanga, ka raru hoki ko te taiao. I t\u0113nei w\u0101, me whakaoti m\u0101tou i te rangahau, me whakam\u0101tau, \u0101, me neke i ng\u0101 kitenga \u0101-taiwhanga p\u016btaiao ki ng\u0101 horopaki i te ao t\u016bturu.<\/p>\n<\/div>\n<\/div>\n\n\n\n<hr class=\"wp-block-separator alignfull has-alpha-channel-opacity\"\/>\n\n\n\n<h2 class=\"wp-block-heading\" id=\"decade\">A Decade of Innovation: Battery Research at the University of Waikato<\/h2>\n\n\n\n<div class=\"wp-block-columns is-layout-flex wp-container-core-columns-is-layout-28f84493 wp-block-columns-is-layout-flex\">\n<div class=\"wp-block-column is-layout-flow wp-block-column-is-layout-flow\">\n<p>For-profit companies that use batteries \u2013 from the huge battery energy storage systems (BESS) that support the electricity grid to tiny medical implants, as well as energy storage of solar systems, electric vehicles, mobile phones, and cell towers \u2013 need and will welcome our new technology.<\/p>\n<\/div>\n\n\n\n<div class=\"wp-block-column is-layout-flow wp-block-column-is-layout-flow\">\n<p>Ka whai hua ng\u0101 kamupene monihua e whakamahi ana i ng\u0101 p\u016bhiko \u2013 mai i ng\u0101 P\u016bnaha Rokiroki P\u016bhiko Nui ka tautoko i te whatunga hiko, ki ng\u0101 kuhi whakaora moroiti, tae ana ki ng\u0101 p\u016bhiko kohi i te p\u016bngao o Tamanuiter\u0101, ki ng\u0101 p\u016bhiko hihiko motok\u0101, ki ng\u0101 p\u016bhiko hihiko waea me ng\u0101 pourewa waea.<\/p>\n<\/div>\n<\/div>\n\n\n\n<div class=\"wp-block-columns is-layout-flex wp-container-core-columns-is-layout-28f84493 wp-block-columns-is-layout-flex\">\n<div class=\"wp-block-column is-layout-flow wp-block-column-is-layout-flow\">\n<p>We have already identified a number of interested companies with a variety of use-cases. For example preventing premature battery replacement in medical devices with precision monitoring<\/p>\n<\/div>\n\n\n\n<div class=\"wp-block-column is-layout-flow wp-block-column-is-layout-flow\">\n<p>Kua tohua e m\u0101tou \u0113tahi kamupene me \u0101 r\u0101tou k\u0113hi whai take huhua e hiahia ana kia mahi ng\u0101tahi mai.<\/p>\n<\/div>\n<\/div>\n\n\n\n<hr class=\"wp-block-separator alignfull has-alpha-channel-opacity\"\/>\n\n\n\n<h2 class=\"wp-block-heading\" id=\"team\">Meet the Team<\/h2>\n\n\n\n<p>The core team of scientists plus graduate students has over a decade of work invested in solving the problem, evidenced by 10 published journal papers, several conference papers, with more journal articles in preparation. The team additionally includes a business manager with experience in high-technology commercialisation, and an academic researcher with expertise in management communication, public relations and promotion of new products. External academics in New Zealand, the UK, and Australia contribute specialised skills.<\/p>\n\n\n\n<p>The <strong>Waikato Battery Team<\/strong> brings diverse disciplines together: It consists of experts across (a) theory-based subject areas including physics and mathematics, (b) practical areas of electronic engineering and electrochemistry, and (c) applied areas including software development and industry implementation. The team is mostly NZ-based but enjoys expert guidance from overseas. Most team members have a track record of working together.+<\/p>\n\n\n\n<div class=\"wp-block-group is-nowrap is-layout-flex wp-container-core-group-is-layout-6c531013 wp-block-group-is-layout-flex\">\n<div class=\"wp-block-media-text is-stacked-on-mobile has-background wp-container-content-9cfa9a5a\" style=\"background:linear-gradient(135deg,rgb(0,161,254) 0%,rgb(255,255,255) 57%);margin-right:0;margin-left:0;padding-top:0;padding-right:var(--wp--preset--spacing--20);padding-bottom:0;padding-left:var(--wp--preset--spacing--20);grid-template-columns:25% auto\"><figure class=\"wp-block-media-text__media\"><img loading=\"lazy\" decoding=\"async\" width=\"375\" height=\"500\" src=\"https:\/\/waikatobattery.co.nz\/wp-content\/uploads\/2025\/05\/WEB-Jonathon.png\" alt=\"\" class=\"wp-image-447 size-full\" srcset=\"https:\/\/waikatobattery.co.nz\/wp-content\/uploads\/2025\/05\/WEB-Jonathon.png 375w, https:\/\/waikatobattery.co.nz\/wp-content\/uploads\/2025\/05\/WEB-Jonathon-225x300.png 225w\" sizes=\"auto, (max-width: 375px) 100vw, 375px\" \/><\/figure><div class=\"wp-block-media-text__content\">\n<p id=\"scott\"><strong>Jonathan Scott<\/strong> is a retired Honorary Professor of electronics. He worked for universities and private industry in Australia, California and New Zealand for more than 40 years. His research focuses on characterization, measurement, modeling and simulation, from microhertz to microwave frequencies. Recent work has strong biomedical context around human implant systems and electrode-electrolyte interfaces. Application of techniques developed in that context to rechargeable batteries formed the basis of the insights behind EISgage technology.<\/p>\n<\/div><\/div>\n<\/div>\n\n\n\n<div class=\"wp-block-group is-nowrap is-layout-flex wp-container-core-group-is-layout-6c531013 wp-block-group-is-layout-flex\">\n<div class=\"wp-block-media-text is-stacked-on-mobile has-background\" style=\"background:linear-gradient(135deg,rgb(0,162,255) 0%,rgb(254,254,254) 62%);margin-top:0;margin-bottom:0;padding-top:var(--wp--preset--spacing--20);padding-right:var(--wp--preset--spacing--20);padding-bottom:var(--wp--preset--spacing--20);padding-left:var(--wp--preset--spacing--20);grid-template-columns:26% auto\"><figure class=\"wp-block-media-text__media\"><img loading=\"lazy\" decoding=\"async\" width=\"225\" height=\"300\" src=\"https:\/\/waikatobattery.co.nz\/wp-content\/uploads\/2025\/05\/WEB-Michael-225x300.png\" alt=\"\" class=\"wp-image-449 size-medium\" srcset=\"https:\/\/waikatobattery.co.nz\/wp-content\/uploads\/2025\/05\/WEB-Michael-225x300.png 225w, https:\/\/waikatobattery.co.nz\/wp-content\/uploads\/2025\/05\/WEB-Michael.png 375w\" sizes=\"auto, (max-width: 225px) 100vw, 225px\" \/><\/figure><div class=\"wp-block-media-text__content\">\n<p><strong>Michael Cree<\/strong> is an Associate Professor in the School of Engineering, teaching in the Electrical and Electronic Engineering program. His research interests include signal and image processing, time-of-flight range imaging, visual sensing, computer vision, embedded systems programming, numerical simulation, and battery modeling. He teaches at all levels and supervises students in both Electrical Engineering and Applied Physics.<\/p>\n<\/div><\/div>\n<\/div>\n\n\n\n<div class=\"wp-block-media-text is-stacked-on-mobile has-background\" style=\"background:linear-gradient(135deg,rgb(0,162,255) 0%,rgb(255,255,255) 57%);padding-right:var(--wp--preset--spacing--20);padding-left:var(--wp--preset--spacing--20);grid-template-columns:25% auto\"><figure class=\"wp-block-media-text__media\"><img loading=\"lazy\" decoding=\"async\" width=\"375\" height=\"500\" src=\"https:\/\/waikatobattery.co.nz\/wp-content\/uploads\/2025\/05\/WEB-Marcus.png\" alt=\"\" class=\"wp-image-450 size-full\" srcset=\"https:\/\/waikatobattery.co.nz\/wp-content\/uploads\/2025\/05\/WEB-Marcus.png 375w, https:\/\/waikatobattery.co.nz\/wp-content\/uploads\/2025\/05\/WEB-Marcus-225x300.png 225w\" sizes=\"auto, (max-width: 375px) 100vw, 375px\" \/><\/figure><div class=\"wp-block-media-text__content\">\n<p><strong>Marcus Wilson<\/strong> is a Senior Lecturer in Physics and Chemistry in Te Aka M\u0101tuatua &#8211; School of Science at The University of Waikato. He has an Honors degree in Physics and Theoretical Physics from the University of Cambridge (1992) and a Ph.D. in theoretical solid state physics from the University of Bristol (1995). He has worked in numerical modeling of physics processes in industry in the U.K. and in academia in New Zealand. His research interests include electric properties and dynamics of the human brain, transcranial magnetic stimulation, and more recently, time-series analysis of battery performance.<\/p>\n<\/div><\/div>\n\n\n\n<div class=\"wp-block-media-text is-stacked-on-mobile has-background\" style=\"background:linear-gradient(138deg,rgb(0,162,255) 0%,rgb(255,255,255) 52%);margin-top:var(--wp--preset--spacing--20);margin-bottom:var(--wp--preset--spacing--20);padding-top:var(--wp--preset--spacing--20);padding-right:var(--wp--preset--spacing--20);padding-bottom:var(--wp--preset--spacing--20);padding-left:var(--wp--preset--spacing--20);grid-template-columns:25% auto\"><figure class=\"wp-block-media-text__media\"><img loading=\"lazy\" decoding=\"async\" width=\"225\" height=\"300\" src=\"https:\/\/waikatobattery.co.nz\/wp-content\/uploads\/2025\/05\/WEB-Lee-225x300.png\" alt=\"\" class=\"wp-image-451 size-full\" srcset=\"https:\/\/waikatobattery.co.nz\/wp-content\/uploads\/2025\/05\/WEB-Lee-225x300.png 225w, https:\/\/waikatobattery.co.nz\/wp-content\/uploads\/2025\/05\/WEB-Lee.png 375w\" sizes=\"auto, (max-width: 225px) 100vw, 225px\" \/><\/figure><div class=\"wp-block-media-text__content\">\n<p><strong>Lee Streeter<\/strong> is a Senior Lecturer at the University of Waikato School of Engineering. He was the general chair for Image and Vision Computing New Zealand and in 2019 he was awarded the Royal Society of New Zealand Cooper Award. Lee brings in extensive experience in measurement in the presence of noise and in signal\/data processing algorithms and is the recipient of a Marsden Fast Start and MBIE Smart Ideas grants.<\/p>\n<\/div><\/div>\n\n\n\n<div class=\"wp-block-media-text is-stacked-on-mobile has-background\" style=\"background:linear-gradient(135deg,rgb(0,161,254) 0%,rgb(255,255,255) 49%);margin-top:0;margin-right:0;margin-bottom:0;margin-left:0;padding-top:0;padding-right:var(--wp--preset--spacing--20);padding-bottom:0;padding-left:var(--wp--preset--spacing--20);grid-template-columns:25% auto\"><figure class=\"wp-block-media-text__media\"><img loading=\"lazy\" decoding=\"async\" width=\"375\" height=\"500\" src=\"https:\/\/waikatobattery.co.nz\/wp-content\/uploads\/2025\/05\/WEB-Godfrey.png\" alt=\"\" class=\"wp-image-452 size-full\" srcset=\"https:\/\/waikatobattery.co.nz\/wp-content\/uploads\/2025\/05\/WEB-Godfrey.png 375w, https:\/\/waikatobattery.co.nz\/wp-content\/uploads\/2025\/05\/WEB-Godfrey-225x300.png 225w\" sizes=\"auto, (max-width: 375px) 100vw, 375px\" \/><\/figure><div class=\"wp-block-media-text__content\">\n<p><strong>Godfrey Bridger<\/strong> is an experienced electronic engineering professional with a career spanning East Asia, New Zealand, and the UK. Highlights include roles with Schlumberger, founding a start-up for electronic meat-grading probes, marketing for BP International, serving on boards (Auckland Regional Services Trust, Mercury Energy), leading the Energy Efficiency and Conservation Authority, and running consultancies like Bridger Beavis and Associates and Strategic Lighting Partners. Recently, Godfrey has led projects for Counties Power, Simcro, HortResearch, Statistics NZ, and currently serves as the commercial lead for the University of Waikato\u2019s Battery Group<\/p>\n<\/div><\/div>\n\n\n\n<div class=\"wp-block-media-text is-stacked-on-mobile has-background\" style=\"background:linear-gradient(136deg,rgb(0,162,255) 0%,rgb(255,255,255) 49%);padding-top:var(--wp--preset--spacing--20);padding-right:var(--wp--preset--spacing--20);padding-bottom:var(--wp--preset--spacing--20);padding-left:var(--wp--preset--spacing--20);grid-template-columns:25% auto\"><figure class=\"wp-block-media-text__media\"><img loading=\"lazy\" decoding=\"async\" width=\"375\" height=\"500\" src=\"https:\/\/waikatobattery.co.nz\/wp-content\/uploads\/2025\/05\/WEB-Margalit.png\" alt=\"\" class=\"wp-image-454 size-full\" srcset=\"https:\/\/waikatobattery.co.nz\/wp-content\/uploads\/2025\/05\/WEB-Margalit.png 375w, https:\/\/waikatobattery.co.nz\/wp-content\/uploads\/2025\/05\/WEB-Margalit-225x300.png 225w\" sizes=\"auto, (max-width: 375px) 100vw, 375px\" \/><\/figure><div class=\"wp-block-media-text__content\">\n<p><strong><a href=\"https:\/\/profiles.waikato.ac.nz\/margalit.toledano\" data-type=\"link\" data-id=\"https:\/\/profiles.waikato.ac.nz\/margalit.toledano\" target=\"_blank\" rel=\"noreferrer noopener\">Margalit Toledano<\/a><\/strong> is an Associate Professor of Management Communication at the Waikato Management School. She contributes practical experience as well as academic knowledge in public relations, promoting innovation and enterprises and introducing new products to the market.<\/p>\n<\/div><\/div>\n\n\n\n<div class=\"wp-block-media-text is-stacked-on-mobile has-background\" style=\"background:linear-gradient(135deg,rgb(0,162,255) 0%,rgb(254,254,254) 49%);padding-top:var(--wp--preset--spacing--20);padding-right:var(--wp--preset--spacing--20);padding-bottom:var(--wp--preset--spacing--20);padding-left:var(--wp--preset--spacing--20);grid-template-columns:25% auto\"><figure class=\"wp-block-media-text__media\"><img loading=\"lazy\" decoding=\"async\" width=\"375\" height=\"500\" src=\"https:\/\/waikatobattery.co.nz\/wp-content\/uploads\/2025\/05\/WEB-Sina.png\" alt=\"\" class=\"wp-image-455 size-full\" srcset=\"https:\/\/waikatobattery.co.nz\/wp-content\/uploads\/2025\/05\/WEB-Sina.png 375w, https:\/\/waikatobattery.co.nz\/wp-content\/uploads\/2025\/05\/WEB-Sina-225x300.png 225w\" sizes=\"auto, (max-width: 375px) 100vw, 375px\" \/><\/figure><div class=\"wp-block-media-text__content\">\n<p><strong>Sina Enteshari<\/strong> holds a PhD in Sustainability and a background in Mechatronics Engineering with both Bachelor\u2019s and Master\u2019s degrees. With extensive experience in sustainability and renewable energy, Sina has contributed to academia and research in Malaysia at UKM, and now serves as a Lecturer in Electrical Engineering at Wintec. Sina combines technical expertise with a passion for creating sustainable solutions for the future.<\/p>\n<\/div><\/div>\n\n\n\n<div class=\"wp-block-media-text is-stacked-on-mobile has-background\" style=\"background:linear-gradient(135deg,rgb(0,161,254) 0%,rgb(255,255,255) 49%);margin-top:var(--wp--preset--spacing--20);margin-bottom:var(--wp--preset--spacing--20);padding-top:0;padding-right:var(--wp--preset--spacing--20);padding-bottom:0;padding-left:var(--wp--preset--spacing--20);grid-template-columns:25% auto\"><figure class=\"wp-block-media-text__media\"><img loading=\"lazy\" decoding=\"async\" width=\"375\" height=\"500\" src=\"https:\/\/waikatobattery.co.nz\/wp-content\/uploads\/2025\/05\/WEB-Chris_Dunn.png\" alt=\"\" class=\"wp-image-457 size-full\" srcset=\"https:\/\/waikatobattery.co.nz\/wp-content\/uploads\/2025\/05\/WEB-Chris_Dunn.png 375w, https:\/\/waikatobattery.co.nz\/wp-content\/uploads\/2025\/05\/WEB-Chris_Dunn-225x300.png 225w\" sizes=\"auto, (max-width: 375px) 100vw, 375px\" \/><\/figure><div class=\"wp-block-media-text__content\">\n<p><strong>Chris Dunn<\/strong> had a background originally in the pharmaceutical sciences, with past specialisation in medicinal chemistry, pharmaceutical technology, small-scale and aseptic\/sterile manufacturing and quality assurance. After working for several years as a pharmacist in both community and hospital settings in the UK he joined a medical publisher in Auckland as a writer in the mid-1990s, and worked in medical and scientific communications for the next 25 years. During that time he also gained experience of asset management\/inspection and line structure engineering for the power supply industry. He returned to higher education in 2015 to undertake a Graduate Diploma in Electronics at the University of Waikato, which led to his involvement with the Battery Modelling Group and a subsequent PhD which he completed at the end of 2023.<\/p>\n<\/div><\/div>\n\n\n\n<div class=\"wp-block-columns is-layout-flex wp-container-core-columns-is-layout-28f84493 wp-block-columns-is-layout-flex\">\n<div class=\"wp-block-column is-layout-flow wp-block-column-is-layout-flow\" style=\"flex-basis:100%\">\n<p class=\"has-background\" style=\"background:linear-gradient(135deg,rgb(0,162,255) 0%,rgb(254,254,254) 63%)\"><strong>Renee Goreham<\/strong> (physics, nanotechnology), University of Newcastle, Australia. Goreham collaborates with Allegro, manufacturer of liquid flow batteries<\/p>\n<\/div>\n<\/div>\n\n\n\n<div class=\"wp-block-columns is-layout-flex wp-container-core-columns-is-layout-28f84493 wp-block-columns-is-layout-flex\">\n<div class=\"wp-block-column is-layout-flow wp-block-column-is-layout-flow\" style=\"flex-basis:100%\">\n<p class=\"has-background\" style=\"background:linear-gradient(135deg,rgb(0,162,255) 0%,rgb(254,254,254) 63%)\"><strong>Aneta Stefanovska<\/strong> (physics, analysis of time-series data), Lancaster University, UK, contributes leading international expertise in the analysis of time series and has recently successfully collaborated with the Waikato-based researchers.<\/p>\n<\/div>\n<\/div>\n","protected":false},"excerpt":{"rendered":"<p>Go to topics on this page &gt; A Decade of Innovation &gt; Meet the team About Us Based on 11 years of research, the University of Waikato Battery Team has discovered that the failure of current rechargeable battery management systems (BMS) to reliably predict state-of health (SoH) and state of charge (SoC) can be addressed [&hellip;]<\/p>\n","protected":false},"author":2,"featured_media":0,"parent":0,"menu_order":0,"comment_status":"closed","ping_status":"closed","template":"page-no-title","meta":{"footnotes":""},"class_list":["post-410","page","type-page","status-publish","hentry"],"_links":{"self":[{"href":"https:\/\/waikatobattery.co.nz\/index.php\/wp-json\/wp\/v2\/pages\/410","targetHints":{"allow":["GET"]}}],"collection":[{"href":"https:\/\/waikatobattery.co.nz\/index.php\/wp-json\/wp\/v2\/pages"}],"about":[{"href":"https:\/\/waikatobattery.co.nz\/index.php\/wp-json\/wp\/v2\/types\/page"}],"author":[{"embeddable":true,"href":"https:\/\/waikatobattery.co.nz\/index.php\/wp-json\/wp\/v2\/users\/2"}],"replies":[{"embeddable":true,"href":"https:\/\/waikatobattery.co.nz\/index.php\/wp-json\/wp\/v2\/comments?post=410"}],"version-history":[{"count":25,"href":"https:\/\/waikatobattery.co.nz\/index.php\/wp-json\/wp\/v2\/pages\/410\/revisions"}],"predecessor-version":[{"id":578,"href":"https:\/\/waikatobattery.co.nz\/index.php\/wp-json\/wp\/v2\/pages\/410\/revisions\/578"}],"wp:attachment":[{"href":"https:\/\/waikatobattery.co.nz\/index.php\/wp-json\/wp\/v2\/media?parent=410"}],"curies":[{"name":"wp","href":"https:\/\/api.w.org\/{rel}","templated":true}]}}